{"id":37,"date":"2023-07-17T07:16:03","date_gmt":"2023-07-17T07:16:03","guid":{"rendered":"https:\/\/remanproyectos.com\/solar\/?page_id=37"},"modified":"2023-07-28T23:53:04","modified_gmt":"2023-07-28T23:53:04","slug":"proyectos","status":"publish","type":"page","link":"https:\/\/remanproyectos.com\/solar\/proyectos\/","title":{"rendered":"proyectos"},"content":{"rendered":"\t\t<div data-elementor-type=\"wp-page\" data-elementor-id=\"37\" class=\"elementor elementor-37\" data-elementor-post-type=\"page\">\n\t\t\t\t\t\t<section class=\"elementor-section elementor-top-section elementor-element elementor-element-271caff elementor-section-boxed elementor-section-height-default elementor-section-height-default\" data-id=\"271caff\" data-element_type=\"section\" data-e-type=\"section\" data-settings=\"{&quot;background_background&quot;:&quot;classic&quot;}\">\n\t\t\t\t\t\t\t<div class=\"elementor-background-overlay\"><\/div>\n\t\t\t\t\t\t\t<div class=\"elementor-container elementor-column-gap-default\">\n\t\t\t\t\t<div class=\"elementor-column elementor-col-100 elementor-top-column elementor-element elementor-element-30a4ccb\" data-id=\"30a4ccb\" data-element_type=\"column\" data-e-type=\"column\">\n\t\t\t<div class=\"elementor-widget-wrap elementor-element-populated\">\n\t\t\t\t\t\t<div class=\"elementor-element elementor-element-17aafdc elementor-widget elementor-widget-spacer\" data-id=\"17aafdc\" data-element_type=\"widget\" data-e-type=\"widget\" data-widget_type=\"spacer.default\">\n\t\t\t\t<div class=\"elementor-widget-container\">\n\t\t\t\t\t\t\t<div class=\"elementor-spacer\">\n\t\t\t<div class=\"elementor-spacer-inner\"><\/div>\n\t\t<\/div>\n\t\t\t\t\t\t<\/div>\n\t\t\t\t<\/div>\n\t\t\t\t<div class=\"elementor-element elementor-element-e801ace elementor-widget elementor-widget-heading\" data-id=\"e801ace\" data-element_type=\"widget\" data-e-type=\"widget\" data-widget_type=\"heading.default\">\n\t\t\t\t<div class=\"elementor-widget-container\">\n\t\t\t\t\t<h1 class=\"elementor-heading-title elementor-size-default\">PROYECTOS<\/h1>\t\t\t\t<\/div>\n\t\t\t\t<\/div>\n\t\t\t\t<div class=\"elementor-element elementor-element-389a409 elementor-widget elementor-widget-spacer\" data-id=\"389a409\" data-element_type=\"widget\" data-e-type=\"widget\" data-widget_type=\"spacer.default\">\n\t\t\t\t<div class=\"elementor-widget-container\">\n\t\t\t\t\t\t\t<div class=\"elementor-spacer\">\n\t\t\t<div class=\"elementor-spacer-inner\"><\/div>\n\t\t<\/div>\n\t\t\t\t\t\t<\/div>\n\t\t\t\t<\/div>\n\t\t\t\t\t<\/div>\n\t\t<\/div>\n\t\t\t\t\t<\/div>\n\t\t<\/section>\n\t\t\t\t<section class=\"elementor-section elementor-top-section elementor-element elementor-element-246a0f1 elementor-section-boxed elementor-section-height-default elementor-section-height-default\" data-id=\"246a0f1\" data-element_type=\"section\" data-e-type=\"section\">\n\t\t\t\t\t\t<div class=\"elementor-container elementor-column-gap-default\">\n\t\t\t\t\t<div class=\"elementor-column elementor-col-100 elementor-top-column elementor-element elementor-element-56e88d1\" data-id=\"56e88d1\" data-element_type=\"column\" data-e-type=\"column\">\n\t\t\t<div class=\"elementor-widget-wrap elementor-element-populated\">\n\t\t\t\t\t\t<div class=\"elementor-element elementor-element-8e2733f elementor-widget elementor-widget-spacer\" data-id=\"8e2733f\" data-element_type=\"widget\" data-e-type=\"widget\" data-widget_type=\"spacer.default\">\n\t\t\t\t<div class=\"elementor-widget-container\">\n\t\t\t\t\t\t\t<div class=\"elementor-spacer\">\n\t\t\t<div class=\"elementor-spacer-inner\"><\/div>\n\t\t<\/div>\n\t\t\t\t\t\t<\/div>\n\t\t\t\t<\/div>\n\t\t\t\t<div class=\"elementor-element elementor-element-b472282 elementor-widget elementor-widget-text-editor\" data-id=\"b472282\" data-element_type=\"widget\" data-e-type=\"widget\" data-widget_type=\"text-editor.default\">\n\t\t\t\t<div class=\"elementor-widget-container\">\n\t\t\t\t\t\t\t\t\t<p>La satisfacci\u00f3n de nuestros clientes es la prioridad en nuestra empresa y nuestra mejor recomendaci\u00f3n, aqu\u00ed podr\u00e1s ver algunas galer\u00edas de algunos de nuestros proyectos realizados.<\/p>\t\t\t\t\t\t\t\t<\/div>\n\t\t\t\t<\/div>\n\t\t\t\t<div class=\"elementor-element elementor-element-72f588a elementor-grid-3 elementor-grid-tablet-2 elementor-grid-mobile-1 elementor-posts--thumbnail-top elementor-card-shadow-yes elementor-posts__hover-gradient elementor-widget elementor-widget-posts\" data-id=\"72f588a\" data-element_type=\"widget\" data-e-type=\"widget\" data-settings=\"{&quot;cards_columns&quot;:&quot;3&quot;,&quot;cards_columns_tablet&quot;:&quot;2&quot;,&quot;cards_columns_mobile&quot;:&quot;1&quot;,&quot;cards_row_gap&quot;:{&quot;unit&quot;:&quot;px&quot;,&quot;size&quot;:35,&quot;sizes&quot;:[]},&quot;cards_row_gap_tablet&quot;:{&quot;unit&quot;:&quot;px&quot;,&quot;size&quot;:&quot;&quot;,&quot;sizes&quot;:[]},&quot;cards_row_gap_mobile&quot;:{&quot;unit&quot;:&quot;px&quot;,&quot;size&quot;:&quot;&quot;,&quot;sizes&quot;:[]}}\" data-widget_type=\"posts.cards\">\n\t\t\t\t<div class=\"elementor-widget-container\">\n\t\t\t\t\t\t\t<div class=\"elementor-posts-container elementor-posts elementor-posts--skin-cards elementor-grid\" role=\"list\">\n\t\t\t\t<article class=\"elementor-post elementor-grid-item post-363 post type-post status-publish format-standard has-post-thumbnail hentry category-comercial category-solar tag-ahorra-luz tag-cfe tag-comercial tag-energia-fotovoltaica tag-los-mochis tag-paneles-solares tag-solar\" role=\"listitem\">\n\t\t\t<div class=\"elementor-post__card\">\n\t\t\t\t<a class=\"elementor-post__thumbnail__link\" href=\"https:\/\/remanproyectos.com\/solar\/solar\/comercial-04-2\/\" tabindex=\"-1\" ><div class=\"elementor-post__thumbnail\"><img fetchpriority=\"high\" decoding=\"async\" width=\"768\" height=\"575\" src=\"https:\/\/remanproyectos.com\/solar\/wp-content\/uploads\/2023\/07\/obra_010-768x575.png\" class=\"attachment-medium_large size-medium_large wp-image-366\" alt=\"\" srcset=\"https:\/\/remanproyectos.com\/solar\/wp-content\/uploads\/2023\/07\/obra_010-768x575.png 768w, https:\/\/remanproyectos.com\/solar\/wp-content\/uploads\/2023\/07\/obra_010-300x225.png 300w, https:\/\/remanproyectos.com\/solar\/wp-content\/uploads\/2023\/07\/obra_010.png 869w\" sizes=\"(max-width: 768px) 100vw, 768px\" \/><\/div><\/a>\n\t\t\t\t<div class=\"elementor-post__badge\">Comercial<\/div>\n\t\t\t\t<div class=\"elementor-post__text\">\n\t\t\t\t<h3 class=\"elementor-post__title\">\n\t\t\t<a href=\"https:\/\/remanproyectos.com\/solar\/solar\/comercial-04-2\/\" >\n\t\t\t\tFERRETERIA JINAV\t\t\t<\/a>\n\t\t<\/h3>\n\t\t\t\t<div class=\"elementor-post__excerpt\">\n\t\t\t<p>PROYECTOS FERRETERIA JINAV Instalaci\u00f3n de sistema interconectado a la red en Ferreteria Jinav de 4.4 kw, con 8 m\u00f3dulos de 550 W. de la marca<\/p>\n\t\t<\/div>\n\t\t\n\t\t<a class=\"elementor-post__read-more\" href=\"https:\/\/remanproyectos.com\/solar\/solar\/comercial-04-2\/\" aria-label=\"Read more about FERRETERIA JINAV\" tabindex=\"-1\" >\n\t\t\tLeer m\u00e1s \u00bb\t\t<\/a>\n\n\t\t\t\t<\/div>\n\t\t\t\t\t<\/div>\n\t\t<\/article>\n\t\t\t\t<article class=\"elementor-post elementor-grid-item post-374 post type-post status-publish format-standard has-post-thumbnail hentry category-residencial category-solar tag-ahorra-luz tag-cfe tag-comercial tag-energia-fotovoltaica tag-los-mochis tag-paneles-solares tag-solar\" role=\"listitem\">\n\t\t\t<div class=\"elementor-post__card\">\n\t\t\t\t<a class=\"elementor-post__thumbnail__link\" href=\"https:\/\/remanproyectos.com\/solar\/solar\/residencial-01\/\" tabindex=\"-1\" ><div class=\"elementor-post__thumbnail\"><img decoding=\"async\" width=\"768\" height=\"576\" src=\"https:\/\/remanproyectos.com\/solar\/wp-content\/uploads\/2023\/07\/obra_012-768x576.png\" class=\"attachment-medium_large size-medium_large wp-image-375\" alt=\"\" srcset=\"https:\/\/remanproyectos.com\/solar\/wp-content\/uploads\/2023\/07\/obra_012-768x576.png 768w, https:\/\/remanproyectos.com\/solar\/wp-content\/uploads\/2023\/07\/obra_012-300x225.png 300w, https:\/\/remanproyectos.com\/solar\/wp-content\/uploads\/2023\/07\/obra_012-1024x768.png 1024w, https:\/\/remanproyectos.com\/solar\/wp-content\/uploads\/2023\/07\/obra_012-1536x1152.png 1536w, https:\/\/remanproyectos.com\/solar\/wp-content\/uploads\/2023\/07\/obra_012.png 1600w\" sizes=\"(max-width: 768px) 100vw, 768px\" \/><\/div><\/a>\n\t\t\t\t<div class=\"elementor-post__badge\">Residencial<\/div>\n\t\t\t\t<div class=\"elementor-post__text\">\n\t\t\t\t<h3 class=\"elementor-post__title\">\n\t\t\t<a href=\"https:\/\/remanproyectos.com\/solar\/solar\/residencial-01\/\" >\n\t\t\t\tRESIDENCIAL 01\t\t\t<\/a>\n\t\t<\/h3>\n\t\t\t\t<div class=\"elementor-post__excerpt\">\n\t\t\t<p>PROYECTOS RESIDENCIAL 01 Instalaci\u00f3n de sistema interconectado a la red de 7.7 Kw instalaci\u00f3n de 14 m\u00f3dulos de 550 w Canadian Solar, un inversor de<\/p>\n\t\t<\/div>\n\t\t\n\t\t<a class=\"elementor-post__read-more\" href=\"https:\/\/remanproyectos.com\/solar\/solar\/residencial-01\/\" aria-label=\"Read more about RESIDENCIAL 01\" tabindex=\"-1\" >\n\t\t\tLeer m\u00e1s \u00bb\t\t<\/a>\n\n\t\t\t\t<\/div>\n\t\t\t\t\t<\/div>\n\t\t<\/article>\n\t\t\t\t<article class=\"elementor-post elementor-grid-item post-269 post type-post status-publish format-standard has-post-thumbnail hentry category-comercial category-solar tag-ahorra-luz tag-cfe tag-comercial tag-energia-fotovoltaica tag-los-mochis tag-paneles-solares tag-solar\" role=\"listitem\">\n\t\t\t<div class=\"elementor-post__card\">\n\t\t\t\t<a class=\"elementor-post__thumbnail__link\" href=\"https:\/\/remanproyectos.com\/solar\/solar\/index\/\" tabindex=\"-1\" ><div class=\"elementor-post__thumbnail\"><img decoding=\"async\" width=\"768\" height=\"431\" src=\"https:\/\/remanproyectos.com\/solar\/wp-content\/uploads\/2023\/07\/obra_001-768x431.png\" class=\"attachment-medium_large size-medium_large wp-image-278\" alt=\"\" srcset=\"https:\/\/remanproyectos.com\/solar\/wp-content\/uploads\/2023\/07\/obra_001-768x431.png 768w, https:\/\/remanproyectos.com\/solar\/wp-content\/uploads\/2023\/07\/obra_001-300x168.png 300w, https:\/\/remanproyectos.com\/solar\/wp-content\/uploads\/2023\/07\/obra_001.png 1024w\" sizes=\"(max-width: 768px) 100vw, 768px\" \/><\/div><\/a>\n\t\t\t\t<div class=\"elementor-post__badge\">Comercial<\/div>\n\t\t\t\t<div class=\"elementor-post__text\">\n\t\t\t\t<h3 class=\"elementor-post__title\">\n\t\t\t<a href=\"https:\/\/remanproyectos.com\/solar\/solar\/index\/\" >\n\t\t\t\tINDEX\t\t\t<\/a>\n\t\t<\/h3>\n\t\t\t\t<div class=\"elementor-post__excerpt\">\n\t\t\t<p>PROYECTOS INDEX IP SOLUCIONES Instalacion fotovoltaica de 12 kw, con inversor Fronius de 12.5 kw, estructura k2 Systems y M\u00f3dulos Canadian Solar de 660 w<\/p>\n\t\t<\/div>\n\t\t\n\t\t<a class=\"elementor-post__read-more\" href=\"https:\/\/remanproyectos.com\/solar\/solar\/index\/\" aria-label=\"Read more about INDEX\" tabindex=\"-1\" >\n\t\t\tLeer m\u00e1s \u00bb\t\t<\/a>\n\n\t\t\t\t<\/div>\n\t\t\t\t\t<\/div>\n\t\t<\/article>\n\t\t\t\t<article class=\"elementor-post elementor-grid-item post-383 post type-post status-publish format-standard has-post-thumbnail hentry category-industrial category-solar tag-ahorra-luz tag-cfe tag-comercial tag-energia-fotovoltaica tag-los-mochis tag-paneles-solares tag-solar\" role=\"listitem\">\n\t\t\t<div class=\"elementor-post__card\">\n\t\t\t\t<a class=\"elementor-post__thumbnail__link\" href=\"https:\/\/remanproyectos.com\/solar\/solar\/bioplanet\/\" tabindex=\"-1\" ><div class=\"elementor-post__thumbnail\"><img loading=\"lazy\" decoding=\"async\" width=\"768\" height=\"432\" src=\"https:\/\/remanproyectos.com\/solar\/wp-content\/uploads\/2023\/07\/obra_016-768x432.png\" class=\"attachment-medium_large size-medium_large wp-image-384\" alt=\"\" srcset=\"https:\/\/remanproyectos.com\/solar\/wp-content\/uploads\/2023\/07\/obra_016-768x432.png 768w, https:\/\/remanproyectos.com\/solar\/wp-content\/uploads\/2023\/07\/obra_016-300x169.png 300w, https:\/\/remanproyectos.com\/solar\/wp-content\/uploads\/2023\/07\/obra_016-1024x576.png 1024w, https:\/\/remanproyectos.com\/solar\/wp-content\/uploads\/2023\/07\/obra_016.png 1280w\" sizes=\"(max-width: 768px) 100vw, 768px\" \/><\/div><\/a>\n\t\t\t\t<div class=\"elementor-post__badge\">Industrial<\/div>\n\t\t\t\t<div class=\"elementor-post__text\">\n\t\t\t\t<h3 class=\"elementor-post__title\">\n\t\t\t<a href=\"https:\/\/remanproyectos.com\/solar\/solar\/bioplanet\/\" >\n\t\t\t\tBIOPLANET\t\t\t<\/a>\n\t\t<\/h3>\n\t\t\t\t<div class=\"elementor-post__excerpt\">\n\t\t\t<p>PROYECTOS BIOPLANET Instalaci\u00f3n de sistema aislado con 4 bater\u00edas de litio marca Growatt AXE 5.0 l 12 m\u00f3dulos de la marca Canadian Solar de 455W,<\/p>\n\t\t<\/div>\n\t\t\n\t\t<a class=\"elementor-post__read-more\" href=\"https:\/\/remanproyectos.com\/solar\/solar\/bioplanet\/\" aria-label=\"Read more about BIOPLANET\" tabindex=\"-1\" >\n\t\t\tLeer m\u00e1s \u00bb\t\t<\/a>\n\n\t\t\t\t<\/div>\n\t\t\t\t\t<\/div>\n\t\t<\/article>\n\t\t\t\t<article class=\"elementor-post elementor-grid-item post-346 post type-post status-publish format-standard has-post-thumbnail hentry category-industrial category-solar tag-ahorra-luz tag-cfe tag-comercial tag-energia-fotovoltaica tag-los-mochis tag-paneles-solares tag-solar\" role=\"listitem\">\n\t\t\t<div class=\"elementor-post__card\">\n\t\t\t\t<a class=\"elementor-post__thumbnail__link\" href=\"https:\/\/remanproyectos.com\/solar\/solar\/comercial-04\/\" tabindex=\"-1\" ><div class=\"elementor-post__thumbnail\"><img loading=\"lazy\" decoding=\"async\" width=\"768\" height=\"1024\" src=\"https:\/\/remanproyectos.com\/solar\/wp-content\/uploads\/2023\/07\/obra_008-768x1024.png\" class=\"attachment-medium_large size-medium_large wp-image-354\" alt=\"\" srcset=\"https:\/\/remanproyectos.com\/solar\/wp-content\/uploads\/2023\/07\/obra_008-768x1024.png 768w, https:\/\/remanproyectos.com\/solar\/wp-content\/uploads\/2023\/07\/obra_008-225x300.png 225w, https:\/\/remanproyectos.com\/solar\/wp-content\/uploads\/2023\/07\/obra_008.png 960w\" sizes=\"(max-width: 768px) 100vw, 768px\" \/><\/div><\/a>\n\t\t\t\t<div class=\"elementor-post__badge\">Industrial<\/div>\n\t\t\t\t<div class=\"elementor-post__text\">\n\t\t\t\t<h3 class=\"elementor-post__title\">\n\t\t\t<a href=\"https:\/\/remanproyectos.com\/solar\/solar\/comercial-04\/\" >\n\t\t\t\tINDUSTRIAL 01\t\t\t<\/a>\n\t\t<\/h3>\n\t\t\t\t<div class=\"elementor-post__excerpt\">\n\t\t\t<p>PROYECTOS INDUSTRIAL 01 Instalaci\u00f3n de sistema aislado en granja camaronera con diez m\u00f3dulos de 330 W, controlador de carga, un inversor de DC a AC,<\/p>\n\t\t<\/div>\n\t\t\n\t\t<a class=\"elementor-post__read-more\" href=\"https:\/\/remanproyectos.com\/solar\/solar\/comercial-04\/\" aria-label=\"Read more about INDUSTRIAL 01\" tabindex=\"-1\" >\n\t\t\tLeer m\u00e1s \u00bb\t\t<\/a>\n\n\t\t\t\t<\/div>\n\t\t\t\t\t<\/div>\n\t\t<\/article>\n\t\t\t\t<article class=\"elementor-post elementor-grid-item post-290 post type-post status-publish format-standard has-post-thumbnail hentry category-comercial category-solar tag-ahorra-luz tag-cfe tag-comercial tag-energia-fotovoltaica tag-los-mochis tag-paneles-solares tag-solar\" role=\"listitem\">\n\t\t\t<div class=\"elementor-post__card\">\n\t\t\t\t<a class=\"elementor-post__thumbnail__link\" href=\"https:\/\/remanproyectos.com\/solar\/solar\/comercial-01\/\" tabindex=\"-1\" ><div class=\"elementor-post__thumbnail\"><img loading=\"lazy\" decoding=\"async\" width=\"768\" height=\"387\" src=\"https:\/\/remanproyectos.com\/solar\/wp-content\/uploads\/2023\/07\/obra_004-768x387.png\" class=\"attachment-medium_large size-medium_large wp-image-296\" alt=\"\" srcset=\"https:\/\/remanproyectos.com\/solar\/wp-content\/uploads\/2023\/07\/obra_004-768x387.png 768w, https:\/\/remanproyectos.com\/solar\/wp-content\/uploads\/2023\/07\/obra_004-300x151.png 300w, https:\/\/remanproyectos.com\/solar\/wp-content\/uploads\/2023\/07\/obra_004-1024x515.png 1024w, https:\/\/remanproyectos.com\/solar\/wp-content\/uploads\/2023\/07\/obra_004.png 1200w\" sizes=\"(max-width: 768px) 100vw, 768px\" \/><\/div><\/a>\n\t\t\t\t<div class=\"elementor-post__badge\">Comercial<\/div>\n\t\t\t\t<div class=\"elementor-post__text\">\n\t\t\t\t<h3 class=\"elementor-post__title\">\n\t\t\t<a href=\"https:\/\/remanproyectos.com\/solar\/solar\/comercial-01\/\" >\n\t\t\t\tCOMERCIAL 01\t\t\t<\/a>\n\t\t<\/h3>\n\t\t\t\t<div class=\"elementor-post__excerpt\">\n\t\t\t<p>PROYECTOS COMERCIAL 01 Instalaci\u00f3n fotovoltaica de 22.5 kw. con 2 inversores Fronius de 12.5 kw. cada uno, estructura K2 Systems y m\u00f3dulos de la marca<\/p>\n\t\t<\/div>\n\t\t\n\t\t<a class=\"elementor-post__read-more\" href=\"https:\/\/remanproyectos.com\/solar\/solar\/comercial-01\/\" aria-label=\"Read more about COMERCIAL 01\" tabindex=\"-1\" >\n\t\t\tLeer m\u00e1s \u00bb\t\t<\/a>\n\n\t\t\t\t<\/div>\n\t\t\t\t\t<\/div>\n\t\t<\/article>\n\t\t\t\t<article class=\"elementor-post elementor-grid-item post-330 post type-post status-publish format-standard has-post-thumbnail hentry category-comercial category-solar tag-ahorra-luz tag-cfe tag-comercial tag-energia-fotovoltaica tag-los-mochis tag-paneles-solares tag-solar\" role=\"listitem\">\n\t\t\t<div class=\"elementor-post__card\">\n\t\t\t\t<a class=\"elementor-post__thumbnail__link\" href=\"https:\/\/remanproyectos.com\/solar\/solar\/comercial-02\/\" tabindex=\"-1\" ><div class=\"elementor-post__thumbnail\"><img loading=\"lazy\" decoding=\"async\" width=\"768\" height=\"576\" src=\"https:\/\/remanproyectos.com\/solar\/wp-content\/uploads\/2023\/07\/obra_005-768x576.png\" class=\"attachment-medium_large size-medium_large wp-image-331\" alt=\"\" srcset=\"https:\/\/remanproyectos.com\/solar\/wp-content\/uploads\/2023\/07\/obra_005-768x576.png 768w, https:\/\/remanproyectos.com\/solar\/wp-content\/uploads\/2023\/07\/obra_005-300x225.png 300w, https:\/\/remanproyectos.com\/solar\/wp-content\/uploads\/2023\/07\/obra_005.png 1024w\" sizes=\"(max-width: 768px) 100vw, 768px\" \/><\/div><\/a>\n\t\t\t\t<div class=\"elementor-post__badge\">Comercial<\/div>\n\t\t\t\t<div class=\"elementor-post__text\">\n\t\t\t\t<h3 class=\"elementor-post__title\">\n\t\t\t<a href=\"https:\/\/remanproyectos.com\/solar\/solar\/comercial-02\/\" >\n\t\t\t\tCOMERCIAL 02\t\t\t<\/a>\n\t\t<\/h3>\n\t\t\t\t<div class=\"elementor-post__excerpt\">\n\t\t\t<p>PROYECTOS COMERCIAL 02 Instalaci\u00f3n fotovoltaica de 12.5 kw. con inversor Fronius de 12.5 kw. y estructura K2 Systems en local de venta de caf\u00e9 en<\/p>\n\t\t<\/div>\n\t\t\n\t\t<a class=\"elementor-post__read-more\" href=\"https:\/\/remanproyectos.com\/solar\/solar\/comercial-02\/\" aria-label=\"Read more about COMERCIAL 02\" tabindex=\"-1\" >\n\t\t\tLeer m\u00e1s \u00bb\t\t<\/a>\n\n\t\t\t\t<\/div>\n\t\t\t\t\t<\/div>\n\t\t<\/article>\n\t\t\t\t<article class=\"elementor-post elementor-grid-item post-336 post type-post status-publish format-standard has-post-thumbnail hentry category-comercial category-solar tag-ahorra-luz tag-cfe tag-comercial tag-energia-fotovoltaica tag-los-mochis tag-paneles-solares tag-solar\" role=\"listitem\">\n\t\t\t<div class=\"elementor-post__card\">\n\t\t\t\t<a class=\"elementor-post__thumbnail__link\" href=\"https:\/\/remanproyectos.com\/solar\/solar\/comercial-03\/\" tabindex=\"-1\" ><div class=\"elementor-post__thumbnail\"><img loading=\"lazy\" decoding=\"async\" width=\"768\" height=\"576\" src=\"https:\/\/remanproyectos.com\/solar\/wp-content\/uploads\/2023\/07\/obra_006-768x576.png\" class=\"attachment-medium_large size-medium_large wp-image-338\" alt=\"\" srcset=\"https:\/\/remanproyectos.com\/solar\/wp-content\/uploads\/2023\/07\/obra_006-768x576.png 768w, https:\/\/remanproyectos.com\/solar\/wp-content\/uploads\/2023\/07\/obra_006-300x225.png 300w, https:\/\/remanproyectos.com\/solar\/wp-content\/uploads\/2023\/07\/obra_006.png 1024w\" sizes=\"(max-width: 768px) 100vw, 768px\" \/><\/div><\/a>\n\t\t\t\t<div class=\"elementor-post__badge\">Comercial<\/div>\n\t\t\t\t<div class=\"elementor-post__text\">\n\t\t\t\t<h3 class=\"elementor-post__title\">\n\t\t\t<a href=\"https:\/\/remanproyectos.com\/solar\/solar\/comercial-03\/\" >\n\t\t\t\tCOMERCIAL 03\t\t\t<\/a>\n\t\t<\/h3>\n\t\t\t\t<div class=\"elementor-post__excerpt\">\n\t\t\t<p>PROYECTOS COMERCIAL 03 Instalaci\u00f3n fotovoltaica de 22.7 kw con 2 inversores Fronius de 12.5 kw, estructura K2 Systems y M\u00f3dulos Canadian Solar de 455 kw<\/p>\n\t\t<\/div>\n\t\t\n\t\t<a class=\"elementor-post__read-more\" href=\"https:\/\/remanproyectos.com\/solar\/solar\/comercial-03\/\" aria-label=\"Read more about COMERCIAL 03\" tabindex=\"-1\" >\n\t\t\tLeer m\u00e1s \u00bb\t\t<\/a>\n\n\t\t\t\t<\/div>\n\t\t\t\t\t<\/div>\n\t\t<\/article>\n\t\t\t\t<\/div>\n\t\t\n\t\t\t\t\t\t<\/div>\n\t\t\t\t<\/div>\n\t\t\t\t<div class=\"elementor-element elementor-element-c252169 elementor-widget elementor-widget-spacer\" data-id=\"c252169\" data-element_type=\"widget\" data-e-type=\"widget\" data-widget_type=\"spacer.default\">\n\t\t\t\t<div class=\"elementor-widget-container\">\n\t\t\t\t\t\t\t<div class=\"elementor-spacer\">\n\t\t\t<div class=\"elementor-spacer-inner\"><\/div>\n\t\t<\/div>\n\t\t\t\t\t\t<\/div>\n\t\t\t\t<\/div>\n\t\t\t\t\t<\/div>\n\t\t<\/div>\n\t\t\t\t\t<\/div>\n\t\t<\/section>\n\t\t\t\t<\/div>\n\t\t","protected":false},"excerpt":{"rendered":"<p>PROYECTOS La satisfacci\u00f3n de nuestros clientes es la prioridad en nuestra empresa y nuestra mejor recomendaci\u00f3n, aqu\u00ed podr\u00e1s ver algunas galer\u00edas de algunos de nuestros proyectos realizados.<\/p>\n","protected":false},"author":1,"featured_media":0,"parent":0,"menu_order":0,"comment_status":"closed","ping_status":"closed","template":"elementor_header_footer","meta":{"footnotes":""},"class_list":["post-37","page","type-page","status-publish","hentry"],"_links":{"self":[{"href":"https:\/\/remanproyectos.com\/solar\/wp-json\/wp\/v2\/pages\/37","targetHints":{"allow":["GET"]}}],"collection":[{"href":"https:\/\/remanproyectos.com\/solar\/wp-json\/wp\/v2\/pages"}],"about":[{"href":"https:\/\/remanproyectos.com\/solar\/wp-json\/wp\/v2\/types\/page"}],"author":[{"embeddable":true,"href":"https:\/\/remanproyectos.com\/solar\/wp-json\/wp\/v2\/users\/1"}],"replies":[{"embeddable":true,"href":"https:\/\/remanproyectos.com\/solar\/wp-json\/wp\/v2\/comments?post=37"}],"version-history":[{"count":10,"href":"https:\/\/remanproyectos.com\/solar\/wp-json\/wp\/v2\/pages\/37\/revisions"}],"predecessor-version":[{"id":362,"href":"https:\/\/remanproyectos.com\/solar\/wp-json\/wp\/v2\/pages\/37\/revisions\/362"}],"wp:attachment":[{"href":"https:\/\/remanproyectos.com\/solar\/wp-json\/wp\/v2\/media?parent=37"}],"curies":[{"name":"wp","href":"https:\/\/api.w.org\/{rel}","templated":true}]}}