{"id":7,"date":"2023-07-17T06:55:28","date_gmt":"2023-07-17T06:55:28","guid":{"rendered":"https:\/\/remanproyectos.com\/solar\/?page_id=7"},"modified":"2023-07-28T22:23:03","modified_gmt":"2023-07-28T22:23:03","slug":"elementor-7","status":"publish","type":"page","link":"https:\/\/remanproyectos.com\/solar\/elementor-7\/","title":{"rendered":"conocenos"},"content":{"rendered":"\t\t<div data-elementor-type=\"wp-post\" data-elementor-id=\"7\" class=\"elementor elementor-7\" data-elementor-post-type=\"page\">\n\t\t\t\t\t\t<section class=\"elementor-section elementor-top-section elementor-element elementor-element-f93e666 elementor-section-boxed elementor-section-height-default elementor-section-height-default\" data-id=\"f93e666\" data-element_type=\"section\" data-e-type=\"section\" data-settings=\"{&quot;background_background&quot;:&quot;classic&quot;}\">\n\t\t\t\t\t\t\t<div class=\"elementor-background-overlay\"><\/div>\n\t\t\t\t\t\t\t<div class=\"elementor-container elementor-column-gap-default\">\n\t\t\t\t\t<div class=\"elementor-column elementor-col-100 elementor-top-column elementor-element elementor-element-88c3a1d\" data-id=\"88c3a1d\" data-element_type=\"column\" data-e-type=\"column\">\n\t\t\t<div class=\"elementor-widget-wrap elementor-element-populated\">\n\t\t\t\t\t\t<div class=\"elementor-element elementor-element-1b6f5ce elementor-widget elementor-widget-spacer\" data-id=\"1b6f5ce\" data-element_type=\"widget\" data-e-type=\"widget\" data-widget_type=\"spacer.default\">\n\t\t\t\t<div class=\"elementor-widget-container\">\n\t\t\t\t\t\t\t<div class=\"elementor-spacer\">\n\t\t\t<div class=\"elementor-spacer-inner\"><\/div>\n\t\t<\/div>\n\t\t\t\t\t\t<\/div>\n\t\t\t\t<\/div>\n\t\t\t\t<div class=\"elementor-element elementor-element-5284083 elementor-widget elementor-widget-heading\" data-id=\"5284083\" data-element_type=\"widget\" data-e-type=\"widget\" data-widget_type=\"heading.default\">\n\t\t\t\t<div class=\"elementor-widget-container\">\n\t\t\t\t\t<h1 class=\"elementor-heading-title elementor-size-default\">CON\u00d3CENOS<\/h1>\t\t\t\t<\/div>\n\t\t\t\t<\/div>\n\t\t\t\t<div class=\"elementor-element elementor-element-f2c29b0 elementor-widget elementor-widget-text-editor\" data-id=\"f2c29b0\" data-element_type=\"widget\" data-e-type=\"widget\" data-widget_type=\"text-editor.default\">\n\t\t\t\t<div class=\"elementor-widget-container\">\n\t\t\t\t\t\t\t\t\t<p>Somos una empresa especializada en soluciones en energ\u00edas renovables.<\/p>\t\t\t\t\t\t\t\t<\/div>\n\t\t\t\t<\/div>\n\t\t\t\t<div class=\"elementor-element elementor-element-21ab9ed elementor-widget elementor-widget-spacer\" data-id=\"21ab9ed\" data-element_type=\"widget\" data-e-type=\"widget\" data-widget_type=\"spacer.default\">\n\t\t\t\t<div class=\"elementor-widget-container\">\n\t\t\t\t\t\t\t<div class=\"elementor-spacer\">\n\t\t\t<div class=\"elementor-spacer-inner\"><\/div>\n\t\t<\/div>\n\t\t\t\t\t\t<\/div>\n\t\t\t\t<\/div>\n\t\t\t\t\t<\/div>\n\t\t<\/div>\n\t\t\t\t\t<\/div>\n\t\t<\/section>\n\t\t\t\t<section class=\"elementor-section elementor-top-section elementor-element elementor-element-b8884ff elementor-section-boxed elementor-section-height-default elementor-section-height-default\" data-id=\"b8884ff\" data-element_type=\"section\" data-e-type=\"section\">\n\t\t\t\t\t\t<div class=\"elementor-container elementor-column-gap-default\">\n\t\t\t\t\t<div class=\"elementor-column elementor-col-100 elementor-top-column elementor-element elementor-element-61ca3c5\" data-id=\"61ca3c5\" data-element_type=\"column\" data-e-type=\"column\">\n\t\t\t<div class=\"elementor-widget-wrap elementor-element-populated\">\n\t\t\t\t\t\t<div class=\"elementor-element elementor-element-1d64779 elementor-widget elementor-widget-spacer\" data-id=\"1d64779\" data-element_type=\"widget\" data-e-type=\"widget\" data-widget_type=\"spacer.default\">\n\t\t\t\t<div class=\"elementor-widget-container\">\n\t\t\t\t\t\t\t<div class=\"elementor-spacer\">\n\t\t\t<div class=\"elementor-spacer-inner\"><\/div>\n\t\t<\/div>\n\t\t\t\t\t\t<\/div>\n\t\t\t\t<\/div>\n\t\t\t\t<section class=\"elementor-section elementor-inner-section elementor-element elementor-element-c0ae3dc elementor-section-boxed elementor-section-height-default elementor-section-height-default\" data-id=\"c0ae3dc\" data-element_type=\"section\" data-e-type=\"section\">\n\t\t\t\t\t\t<div class=\"elementor-container elementor-column-gap-default\">\n\t\t\t\t\t<div class=\"elementor-column elementor-col-50 elementor-inner-column elementor-element elementor-element-5e716fc\" data-id=\"5e716fc\" data-element_type=\"column\" data-e-type=\"column\" data-settings=\"{&quot;background_background&quot;:&quot;classic&quot;}\">\n\t\t\t<div class=\"elementor-widget-wrap elementor-element-populated\">\n\t\t\t\t\t\t<div class=\"elementor-element elementor-element-c616c00 elementor-view-default elementor-widget elementor-widget-icon\" data-id=\"c616c00\" data-element_type=\"widget\" data-e-type=\"widget\" data-widget_type=\"icon.default\">\n\t\t\t\t<div class=\"elementor-widget-container\">\n\t\t\t\t\t\t\t<div class=\"elementor-icon-wrapper\">\n\t\t\t<div class=\"elementor-icon\">\n\t\t\t<svg xmlns=\"http:\/\/www.w3.org\/2000\/svg\" id=\"Capa_1\" data-name=\"Capa 1\" viewBox=\"0 0 383.26 353.96\"><path d=\"M239.68,94.63c-4.24,.06-7.59-3.19-7.63-7.4-.05-4.18,3.37-7.66,7.48-7.61,4.04,.05,7.56,3.66,7.52,7.7-.05,4.04-3.28,7.26-7.36,7.31Z\"><\/path><path d=\"M379.2,140.73c1.91-1.88,3.38-3.9,4.06-6.49v-4.5c-2.21-4.03-5.59-5.35-10.15-5.3-15.96,.2-31.92,.01-47.89,.14-2.7,.02-3.74-.69-4.48-3.43C295.85,29.78,201.1-21.2,111.45,8.45,37,33.07-10.19,109.79,1.88,187.32c7.58,48.65,32.38,86.48,73.33,113.64,2.46,1.63,2.33,2.68,1.06,4.89-6.77,11.77-13.42,23.61-20.07,35.45-3.91,6.96-.71,12.59,7.17,12.6,11.85,.03,23.69-.08,35.54,.05,4.09,.05,6.83-1.56,8.77-5.09,4.51-8.18,9.23-16.25,13.67-24.47,1.12-2.08,2.32-2.4,4.41-1.9,25.05,5.94,50.12,5.95,75.16-.05,2.29-.55,3.26,.17,4.31,2.1,4.48,8.2,9.19,16.27,13.71,24.45,1.88,3.4,4.52,5,8.46,4.96,11.85-.11,23.69-.02,35.54-.04,8.15-.01,11.36-5.58,7.34-12.75-6.59-11.73-13.17-23.46-19.89-35.11-1.34-2.32-1.49-3.45,1.08-5.14,35.09-23.05,58.28-54.89,69.4-95.45,.67-2.44,1.58-3.08,3.98-3.07,16.09,.1,32.17-.07,48.26,.13,4.56,.06,7.93-1.28,10.15-5.3v-4.5c-.67-2.59-2.14-4.62-4.06-6.49-6.75-6.62-13.32-13.43-20.11-20.02-2.11-2.05-2.11-3.41,0-5.46,6.78-6.59,13.36-13.39,20.11-20.02Zm-71.13-1.22c16.2,0,32.4,0,49,0-1.63,2.9-4.42,4.46-6.15,6.87-5.73,8.03-13.22,10.6-23.07,9.81-11.39-.92-22.91-.21-34.38-.21h-4.62c5.74-5.66,10.78-10.58,15.75-15.58,1.05-1.06,2.25-.88,3.46-.88ZM107.25,319.12c-3.5,6.01-6.93,12.06-10.24,18.17-.82,1.52-1.91,1.65-3.34,1.64-6.09-.04-12.18-.02-18.93-.02,5.31-9.44,10.35-18.39,15.38-27.34,.56-1,1.12-1.38,2.36-.82,4.64,2.07,9.32,4.03,14.02,5.95,1.39,.57,1.51,1.1,.74,2.42Zm144.55,19.79c-7.07,0-13.69,0-20.31,0-1.08,0-1.43-.77-1.86-1.54-3.71-6.59-7.44-13.17-11.17-19.76,5.19-2.25,10.22-4.34,15.16-6.64,1.45-.68,2.15-.57,2.93,.83,4.95,8.87,9.96,17.71,15.26,27.11Zm-98.11-27.3C76.69,306.63,17.62,243.8,15.2,168.61,12.67,89.77,70.26,26.75,141.66,16.63c82-11.63,147.52,42.93,164.48,108.1-5.5-1.2-8.85,1.55-12.09,4.97-5.31,5.6-10.84,10.99-16.74,16.93-1.75-9.97-4.08-19.18-7.87-27.93-1.53-3.54-3.2-7.03-5.04-10.41-2.33-4.28-6.54-5.58-10.38-3.46-3.69,2.04-4.96,6.15-2.78,10.32,6.19,11.84,10.22,24.29,11.63,37.62,.27,2.6-.27,3.33-2.96,3.28-8.98-.18-17.96-.13-26.93-.02-2.11,.02-2.9-.4-3.24-2.76-4.66-32.35-32.82-56.92-65.41-57.25-33.47-.34-62.06,23.45-67.54,56.19-6.16,36.77,19.04,72.15,55.48,77.89,37.39,5.89,71.83-19.24,77.52-56.65,.28-1.85,.72-2.54,2.68-2.52,9.35,.1,18.71,.13,28.06-.01,2.37-.04,2.54,.85,2.32,2.8-2.91,25.89-13.67,47.91-33.31,65-58.72,51.11-148.38,20.78-164.6-55.52-11.3-53.16,24.47-107.44,77.64-117.96,23.86-4.72,46.56-1.67,68.08,9.72,3.27,1.73,6.41,2.12,9.4-.35,2.44-2.01,3.13-4.71,2.36-7.78-.67-2.67-2.67-4.09-4.93-5.28-19.07-10.05-39.43-14.91-60.88-13.3-41.99,3.15-73.91,23.2-94.47,60.02-37.71,67.52,3.15,154.33,78.91,168.46,64.8,12.09,124.71-29.7,135.94-94.81,.05-.32,.18-.62,.45-1.5,5.51,5.56,10.83,10.78,15.97,16.16,3.46,3.63,6.89,7.03,12.6,5.68-15.75,61.86-76.22,114.24-152.34,109.32Zm31.34-164.9c-3.34-2.1-6.37-.88-9.41,.95-4.9,2.95-9.92,5.71-14.85,8.6-6.67,3.91-6.76,10.41-.19,14.3,5.35,3.17,10.72,6.31,16.15,9.35,6.24,3.49,12.13-.02,11.82-7.08-.06-1.47,.03-1.89,1.56-1.88,7.6,.06,15.21,.11,22.81-.02,2.15-.04,2.08,.87,1.83,2.46-4.11,25.61-30.31,45.32-56.39,42.39-28.33-3.18-48.35-26.32-47.42-54.8,.85-25.91,22.16-47.91,48.31-49.86,26.45-1.98,50.85,16.61,55.43,42.24,.22,1.24,.99,2.7-1.51,2.67-8.21-.1-16.43-.04-24.82-.04,.84-3.94,.08-7.15-3.3-9.27Zm171.64,40.74c-16.32,0-32.65,0-48.97,0-1.12,0-2.16,.04-3.09-.89-4.98-4.99-10.03-9.91-15.78-15.58h16.6c10.97,0,21.93,.04,32.9-.03,1.98-.01,3.47,.44,4.93,1.93,4.59,4.68,9.36,9.17,14.07,13.74-.22,.28-.43,.56-.65,.84Z\"><\/path><\/svg>\t\t\t<\/div>\n\t\t<\/div>\n\t\t\t\t\t\t<\/div>\n\t\t\t\t<\/div>\n\t\t\t\t<div class=\"elementor-element elementor-element-1d82ec7 elementor-widget elementor-widget-heading\" data-id=\"1d82ec7\" data-element_type=\"widget\" data-e-type=\"widget\" data-widget_type=\"heading.default\">\n\t\t\t\t<div class=\"elementor-widget-container\">\n\t\t\t\t\t<h3 class=\"elementor-heading-title elementor-size-default\">MISI\u00d3N<\/h3>\t\t\t\t<\/div>\n\t\t\t\t<\/div>\n\t\t\t\t<div class=\"elementor-element elementor-element-5311872 elementor-widget elementor-widget-text-editor\" data-id=\"5311872\" data-element_type=\"widget\" data-e-type=\"widget\" data-widget_type=\"text-editor.default\">\n\t\t\t\t<div class=\"elementor-widget-container\">\n\t\t\t\t\t\t\t\t\t<p>Nuestra misi\u00f3n es entregar un servicio de calidad que permita cubrir las necesidades de nuestros clientes, proporcionando instalaciones, suministro y asesoramiento necesario para dar soluciones integrales en remodelaciones y mantenimientos. Enfocando nuestros esfuerzos en todos los sectores con un alto sentido de responsabilidad, compromiso y honestidad con nuestros clientes. Cumpliendo en todos los casos con la normatividad vigente y adecuada a las necesidades espec\u00edficas de nuestros clientes.<\/p>\t\t\t\t\t\t\t\t<\/div>\n\t\t\t\t<\/div>\n\t\t\t\t\t<\/div>\n\t\t<\/div>\n\t\t\t\t<div class=\"elementor-column elementor-col-50 elementor-inner-column elementor-element elementor-element-f89a2e7\" data-id=\"f89a2e7\" data-element_type=\"column\" data-e-type=\"column\" data-settings=\"{&quot;background_background&quot;:&quot;classic&quot;}\">\n\t\t\t<div class=\"elementor-widget-wrap elementor-element-populated\">\n\t\t\t\t\t\t<div class=\"elementor-element elementor-element-158aad5 elementor-view-default elementor-widget elementor-widget-icon\" data-id=\"158aad5\" data-element_type=\"widget\" data-e-type=\"widget\" data-widget_type=\"icon.default\">\n\t\t\t\t<div class=\"elementor-widget-container\">\n\t\t\t\t\t\t\t<div class=\"elementor-icon-wrapper\">\n\t\t\t<div class=\"elementor-icon\">\n\t\t\t<svg xmlns=\"http:\/\/www.w3.org\/2000\/svg\" id=\"Capa_1\" data-name=\"Capa 1\" viewBox=\"0 0 371.18 371.88\"><path d=\"M185.59,0C74.28,.02,.4,90.75,0,187.85c-.42,102.76,85.84,184.36,185.76,184.03,99.82,.24,186.43-81.72,185.41-185.13C370.22,90.32,296.56-.02,185.59,0Zm-.14,359.91c-93.24,.07-174.48-76.32-173.49-173.24C12.89,96.6,81.71,11.9,185.79,12.01c105.61,.11,173.75,86.97,173.45,176.09-.07,94.47-78.34,171.74-173.79,171.81Z\"><\/path><path d=\"M301.59,138.58c.04,3.27-2.53,5.98-5.77,6.08-3.68,.11-7.18-3.99-7.24-8.47-.04-3.34,2.45-5.95,5.76-6.03,3.69-.09,7.19,3.99,7.25,8.42Z\"><\/path><path d=\"M308.82,160.82c-.82-3.91-3.91-6.13-7.23-5.46-3.58,.72-5.4,3.87-4.69,8.01,.77,4.55,1.42,9.12,2.25,13.66,.4,2.19,0,3.02-2.52,2.98-10.22-.16-20.45-.14-30.68,0-2.17,.03-2.6-.75-2.82-2.69-.35-3.21-.95-6.42-1.72-9.56-7.96-32.31-33.98-55.27-67.01-59.1-2.18-.25-2.96-.87-2.88-3.17,.18-5.12,.06-10.24,.06-15.37s.14-10.25-.06-15.37c-.1-2.44,.65-2.85,2.93-2.64,23.18,2.14,43.98,10.22,62.21,24.79,7.65,6.11,14.3,13.16,20.21,20.96,3.04,4.01,7.42,4.38,10.14,1.08,2.03-2.46,1.81-5.52-.85-8.82-32.14-39.93-73.69-56.33-124.07-47.84-70.18,11.84-111.73,81.58-100.35,146.53,5.35,30.54,20.61,55.39,44.55,74.8,30.39,24.64,64.93,34.28,103.49,26.47,52.8-10.7,95.84-54.64,101.24-110.88,1.24-12.88,.44-25.7-2.2-38.38Zm-77.02-21.94c26.99,26.73,24.49,67.87,2.25,91.17-4.41-15.83-13.78-26.99-28.48-33.97,8.18-7.18,10.26-16.42,9.97-26.54-.15-5.47,.31-10.96-1.36-16.34-4.33-13.91-18.28-23.08-32.27-21.05-14.95,2.16-25.86,14.21-26.23,29.03-.08,3.24,0,6.49-.06,9.74-.2,9.65,2.15,18.3,9.99,25.15-14.69,7.05-24.1,18.3-28.47,33.83-20.43-20.53-25.82-60.62,.07-88.76,25.33-27.54,68.05-28.54,94.58-2.25Zm-28.28,35.53c-.31,9.75-8.2,17.48-17.85,17.51-9.81,.04-17.8-7.77-18.02-17.71-.09-4.24-.11-8.5,0-12.74,.26-9.74,8.18-17.47,17.83-17.51,9.67-.04,17.66,7.63,18.02,17.33,.08,2.25,.01,4.5,.01,6.74,0,2.12,.06,4.25,0,6.37Zm-131.15,2.78c3.06-34.37,18.4-61.99,45.82-82.71,17.29-13.07,36.95-20.24,58.59-21.98,2.36-.19,2.96,.24,2.88,2.6-.18,5.11-.06,10.24-.06,15.36s-.12,9.99,.05,14.98c.07,2.21-.55,2.96-2.81,3.23-32.35,3.88-57.95,26.05-66.41,57.42-1.01,3.73-1.86,7.51-2.04,11.39-.09,1.85-.76,2.53-2.72,2.51-10.34-.1-20.69-.12-31.03,.01-2.41,.03-2.44-.87-2.26-2.81Zm104.24,122.57c-24.26-2.12-45.94-10.66-64.5-26.49-23.99-20.45-37.13-46.62-40.16-78-.29-2.99,.6-3.53,3.31-3.4,4.85,.22,9.72,.06,14.58,.06,5.11,0,10.22,.11,15.32-.05,2.08-.07,2.57,.59,2.85,2.62,4.13,30.1,20.04,51.43,47.8,63.74,6.87,3.05,14.16,4.67,21.61,5.45,1.79,.19,2.22,.73,2.21,2.46-.08,10.36-.14,20.72,.03,31.08,.04,2.65-1.02,2.71-3.05,2.53Zm6-47.63c-9.65,.03-21.13-3.48-31.81-9.93-2.58-1.55-3.29-3.07-2.71-6.2,5.93-31.89,40.23-38.7,59.86-24.67,9.33,6.67,13.67,16.12,15.55,27.08,.34,1.99-1.05,2.33-2.1,3.02-10.9,7.17-22.88,10.72-38.78,10.71Zm116.57-57.2c-2.53,28.43-13.66,52.88-34.08,72.84-19.52,19.08-43.1,29.45-70.22,32.01-3.01,.28-3.5-.63-3.38-3.33,.21-4.86,.06-9.73,.06-14.6,0-5.12,.11-10.24-.05-15.35-.07-2.1,.61-2.58,2.62-2.86,28.36-3.82,49.11-18.46,61.95-44.15,3.99-7.99,6.16-16.55,7.1-25.4,.19-1.82,.76-2.21,2.47-2.2,10.34,.08,20.68,.14,31.02-.03,2.67-.05,2.69,1.06,2.51,3.07Z\"><\/path><\/svg>\t\t\t<\/div>\n\t\t<\/div>\n\t\t\t\t\t\t<\/div>\n\t\t\t\t<\/div>\n\t\t\t\t<div class=\"elementor-element elementor-element-7f0c8cd elementor-widget elementor-widget-heading\" data-id=\"7f0c8cd\" data-element_type=\"widget\" data-e-type=\"widget\" data-widget_type=\"heading.default\">\n\t\t\t\t<div class=\"elementor-widget-container\">\n\t\t\t\t\t<h3 class=\"elementor-heading-title elementor-size-default\">VISI\u00d3N<\/h3>\t\t\t\t<\/div>\n\t\t\t\t<\/div>\n\t\t\t\t<div class=\"elementor-element elementor-element-75439b0 elementor-widget elementor-widget-text-editor\" data-id=\"75439b0\" data-element_type=\"widget\" data-e-type=\"widget\" data-widget_type=\"text-editor.default\">\n\t\t\t\t<div class=\"elementor-widget-container\">\n\t\t\t\t\t\t\t\t\t<p>Ofrecer la m\u00e1s alta calidad en montaje e ingenier\u00eda utilizando las mejores herramientas y personal calificado. Establecer precios competitivos que permitan relaciones comerciales a largo plazo asegurando con ello el crecimiento rentable y sostenido de los ingresos en beneficio de nuestros clientes y colaboradores. Conservar la seguridad de nuestro personal, el aseguramiento de la producci\u00f3n, los bienes del cliente y de nuestra empresa.<\/p>\t\t\t\t\t\t\t\t<\/div>\n\t\t\t\t<\/div>\n\t\t\t\t\t<\/div>\n\t\t<\/div>\n\t\t\t\t\t<\/div>\n\t\t<\/section>\n\t\t\t\t<section class=\"elementor-section elementor-inner-section elementor-element elementor-element-9815387 elementor-section-boxed elementor-section-height-default elementor-section-height-default\" data-id=\"9815387\" data-element_type=\"section\" data-e-type=\"section\">\n\t\t\t\t\t\t<div class=\"elementor-container elementor-column-gap-default\">\n\t\t\t\t\t<div class=\"elementor-column elementor-col-100 elementor-inner-column elementor-element elementor-element-011ae30\" data-id=\"011ae30\" data-element_type=\"column\" data-e-type=\"column\" data-settings=\"{&quot;background_background&quot;:&quot;classic&quot;}\">\n\t\t\t<div class=\"elementor-widget-wrap elementor-element-populated\">\n\t\t\t\t\t\t<div class=\"elementor-element elementor-element-757aa3d elementor-view-default elementor-widget elementor-widget-icon\" data-id=\"757aa3d\" data-element_type=\"widget\" data-e-type=\"widget\" data-widget_type=\"icon.default\">\n\t\t\t\t<div class=\"elementor-widget-container\">\n\t\t\t\t\t\t\t<div class=\"elementor-icon-wrapper\">\n\t\t\t<div class=\"elementor-icon\">\n\t\t\t<svg xmlns=\"http:\/\/www.w3.org\/2000\/svg\" id=\"Capa_1\" data-name=\"Capa 1\" viewBox=\"0 0 289 346.09\"><path d=\"M288.67,64.8c.04-4.33-3.14-6.97-7.59-7.02-7.38-.08-14.76-.05-22.14-.02-5.06,.03-8.18,2.77-8.2,7.08-.01,4.27,3.2,7.19,8.13,7.25,4.31,.06,8.63,.11,12.94-.03,1.97-.07,2.47,.59,2.44,2.49-.11,6.36-.02,12.72-.05,19.07-.06,11.33-2.73,21.98-8.31,31.88-5.62,9.97-13.31,17.9-23.68,24.09,.6-3.81,1.2-7.01,1.61-10.24,4.01-31.92,2.82-63.64-3.81-95.13-.4-1.91-.06-2.94,1.79-4.02,8.68-5.07,12.6-14.8,10.03-24.21C249.24,6.58,240.88,.04,230.96,.03,173.28-.01,115.6-.01,57.92,.03c-9.92,0-18.38,6.56-20.93,15.87-2.58,9.43,1.31,19.22,9.95,24.26,2,1.17,2.19,2.16,1.7,4.27-5.7,24.41-6.73,49.17-5.38,74.1,.55,10.19,1.77,20.32,3.35,30.82-12.85-6.73-24.17-21.01-28.88-35.51-4.28-13.17-2.88-26.73-3.17-40.19-.04-1.84,1.22-1.55,2.32-1.55,4.66-.01,9.32,.12,13.96-.05,4.35-.16,7.39-3.45,7.24-7.44-.15-3.92-3.14-6.79-7.42-6.84-7.61-.08-15.21-.08-22.82,0-4.8,.05-7.5,2.77-7.67,7.65-.11,3.18-.05,6.36-.02,9.54,.11,9.76-.77,19.59,.77,29.25,4.75,29.9,21.06,50.97,48.98,62.92,1.42,.61,2.39,1.38,3.05,2.88,11.99,27.36,32.19,45.84,60.42,55.53,1.83,.63,2.36,1.5,2.34,3.39-.11,9.31-.13,18.62,.01,27.93,.04,2.36-.77,2.78-2.9,2.75-8.29-.11-16.58-.07-24.86-.04-22.03,.08-37.49,15.5-37.53,37.46-.02,10.56-.07,21.12,.05,31.68,.03,2.3-.45,3.18-2.94,3.05-3.85-.22-7.72-.15-11.58,0-4.29,.17-7.06,3.47-6.74,7.73,.32,4.23,3.54,6.59,9.08,6.59,70.74,0,141.47,0,212.21,0,.79,0,1.59,.03,2.38-.05,4.19-.42,6.95-3.43,6.84-7.44-.1-4.03-2.95-6.76-7.3-6.87-3.18-.08-6.38-.25-9.53,.04-3.39,.31-4.61-.55-4.5-4.28,.3-10.1,.12-20.21,.1-30.31-.04-22.04-15.4-37.49-37.39-37.58-8.4-.04-16.81-.07-25.21,.04-2.09,.03-2.69-.53-2.67-2.65,.12-9.2,.15-18.4-.02-27.59-.04-2.39,.8-3.22,2.94-3.98,27.61-9.76,47.55-27.95,59.54-54.72,.86-1.92,2.04-2.95,3.93-3.78,26.6-11.63,42.82-31.67,47.94-60.3,2.47-13.83,.99-27.87,1.12-41.81Zm-87.36,209.19c13.62,.02,22.75,9.3,22.79,22.96,.03,10.55-.08,21.11,.07,31.66,.04,2.51-.56,3.21-3.15,3.2-25.65-.11-51.3-.06-76.95-.06s-50.39-.07-75.58,.09c-3.25,.02-3.84-.98-3.79-3.95,.17-10.32,.04-20.65,.07-30.98,.04-13.62,9.21-22.9,22.83-22.92,37.91-.05,75.81-.05,113.72,0Zm-71.26-42.44c0-1.44,.3-1.98,1.89-1.77,8.35,1.09,16.72,1.11,25.07,.05,1.74-.22,1.84,.5,1.82,1.82-.04,4.42-.02,8.84-.02,13.26s-.06,8.39,.03,12.58c.03,1.57-.34,2.16-2.05,2.14-8.27-.09-16.55-.07-24.82,0-1.46,.01-1.96-.37-1.95-1.89,.06-8.73,.06-17.45,0-26.18Zm100.41-107.14c-.87,10.96-1.69,21.92-4.93,32.54-10.93,35.83-46.22,60.87-83.68,59.32-40.46-1.68-73.08-29.13-80.84-68.92-3.48-17.84-4.02-36.06-3.48-54.25,.46-15.45,2.23-30.75,5.15-45.93,.57-2.97,1.6-3.93,4.77-3.91,25.65,.16,51.31,.09,76.96,.09s51.54,.06,77.3-.09c2.93-.02,3.81,.95,4.34,3.6,5.07,25.66,6.49,51.51,4.41,77.57Zm7.54-101.98c-.35,3.35-2.77,5.87-6.12,6.25-1.35,.15-2.72,.12-4.08,.12-27.92,0-55.83,0-83.75,0s-55.38,0-83.07,0c-1.25,0-2.5,.03-3.74-.09-3.55-.33-6.08-2.83-6.47-6.32-.38-3.4,1.66-6.41,5.02-7.56,1.56-.53,3.14-.42,4.72-.42,55.95,0,111.89,0,167.84,0,1.7,0,3.39-.1,5.04,.53,3.15,1.21,4.96,4.1,4.61,7.49Z\"><\/path><path d=\"M203.71,100.75c-1.94-6.01-6.96-9.34-14.21-9.38-7.15-.03-14.31-.12-21.45,.06-2.22,.06-3.15-.64-3.78-2.69-2.16-7.03-4.44-14.02-6.78-20.99-2.21-6.61-6.66-9.96-12.99-9.98-6.31-.02-10.9,3.37-13.08,9.87-2.34,6.97-4.62,13.97-6.78,20.99-.61,2-1.41,2.94-3.7,2.8-3.73-.24-7.49-.06-11.24-.06-3.75,0-7.49-.01-11.24,0-2.53,.02-4.95,.56-7.16,1.82-8.29,4.71-9.33,16.09-1.78,22.08,6.12,4.86,12.52,9.39,18.93,13.86,1.98,1.38,2.18,2.56,1.43,4.72-2.33,6.73-4.38,13.56-6.6,20.34-.86,2.62-1.43,5.24-.81,8,2.18,9.74,12.88,13.88,21.35,8.08,6.26-4.29,12.35-8.85,18.43-13.41,1.6-1.2,2.66-1.31,4.33-.04,5.68,4.33,11.5,8.47,17.29,12.66,6.18,4.47,11.93,4.75,17.24,.88,5.12-3.73,6.62-9.33,4.37-16.4-2.16-6.79-4.22-13.62-6.59-20.34-.77-2.17-.29-3.19,1.46-4.41,5.85-4.1,11.6-8.34,17.36-12.56,5.95-4.37,7.97-9.79,5.99-15.91Zm-28.11,14.2c-3.11,2.27-6.24,4.52-9.34,6.81-3.75,2.77-4.6,5.3-3.19,9.74,2.2,6.9,4.44,13.78,6.7,20.65,.39,1.19,.96,2.32,.31,3.99-3.42-2.48-6.77-4.91-10.11-7.33-3.12-2.26-6.23-4.54-9.36-6.78-5.02-3.6-7.31-3.61-12.22-.06-5.97,4.32-11.91,8.67-17.89,12.97-.87,.63-1.59,1.59-2.9,1.67,2.78-8.5,5.58-16.9,8.28-25.34,1.35-4.21,.47-6.77-3.17-9.46-6.2-4.58-12.45-9.08-18.67-13.63-.79-.58-1.52-1.22-2.98-2.39,8.83,0,16.82,0,24.81,0,7.37,0,8.68-.95,10.95-7.97,2.43-7.51,4.85-15.02,7.27-22.53,.24,0,.48,0,.72,.01,2.61,8.04,5.21,16.08,7.83,24.12,1.6,4.91,3.55,6.35,8.67,6.36,8.57,.02,17.13,0,25.93,.64-3.87,2.84-7.74,5.69-11.62,8.53Z\"><\/path><\/svg>\t\t\t<\/div>\n\t\t<\/div>\n\t\t\t\t\t\t<\/div>\n\t\t\t\t<\/div>\n\t\t\t\t<div class=\"elementor-element elementor-element-f24d7f0 elementor-widget elementor-widget-heading\" data-id=\"f24d7f0\" data-element_type=\"widget\" data-e-type=\"widget\" data-widget_type=\"heading.default\">\n\t\t\t\t<div class=\"elementor-widget-container\">\n\t\t\t\t\t<h3 class=\"elementor-heading-title elementor-size-default\">OBJETIVO<\/h3>\t\t\t\t<\/div>\n\t\t\t\t<\/div>\n\t\t\t\t<div class=\"elementor-element elementor-element-597fddb elementor-widget elementor-widget-text-editor\" data-id=\"597fddb\" data-element_type=\"widget\" data-e-type=\"widget\" data-widget_type=\"text-editor.default\">\n\t\t\t\t<div class=\"elementor-widget-container\">\n\t\t\t\t\t\t\t\t\t<p>Es compromiso de la empresa y del personal de <strong>ENERGIA RENOVABLE SOLAR REMAN<\/strong> mantener a nuestros clientes satisfechos y permanentemente interesados en nuestros servicios, ejecutando y dirigiendo nuestras actividades bajo el concepto de mejora continua, que permita lograr el crecimiento firme y sustentable de la organizaci\u00f3n, de acuerdo a lo enunciado en nuestra misi\u00f3n.<\/p>\t\t\t\t\t\t\t\t<\/div>\n\t\t\t\t<\/div>\n\t\t\t\t\t<\/div>\n\t\t<\/div>\n\t\t\t\t\t<\/div>\n\t\t<\/section>\n\t\t\t\t<div class=\"elementor-element elementor-element-771a01f elementor-widget elementor-widget-spacer\" data-id=\"771a01f\" data-element_type=\"widget\" data-e-type=\"widget\" data-widget_type=\"spacer.default\">\n\t\t\t\t<div class=\"elementor-widget-container\">\n\t\t\t\t\t\t\t<div class=\"elementor-spacer\">\n\t\t\t<div class=\"elementor-spacer-inner\"><\/div>\n\t\t<\/div>\n\t\t\t\t\t\t<\/div>\n\t\t\t\t<\/div>\n\t\t\t\t\t<\/div>\n\t\t<\/div>\n\t\t\t\t\t<\/div>\n\t\t<\/section>\n\t\t\t\t<\/div>\n\t\t","protected":false},"excerpt":{"rendered":"<p>CON\u00d3CENOS Somos una empresa especializada en soluciones en energ\u00edas renovables. MISI\u00d3N Nuestra misi\u00f3n es entregar un servicio de calidad que permita cubrir las necesidades de nuestros clientes, proporcionando instalaciones, suministro y asesoramiento necesario para dar soluciones integrales en remodelaciones y mantenimientos. Enfocando nuestros esfuerzos en todos los sectores con un alto sentido de responsabilidad, compromiso [&hellip;]<\/p>\n","protected":false},"author":1,"featured_media":0,"parent":0,"menu_order":0,"comment_status":"closed","ping_status":"closed","template":"elementor_header_footer","meta":{"footnotes":""},"class_list":["post-7","page","type-page","status-publish","hentry"],"_links":{"self":[{"href":"https:\/\/remanproyectos.com\/solar\/wp-json\/wp\/v2\/pages\/7","targetHints":{"allow":["GET"]}}],"collection":[{"href":"https:\/\/remanproyectos.com\/solar\/wp-json\/wp\/v2\/pages"}],"about":[{"href":"https:\/\/remanproyectos.com\/solar\/wp-json\/wp\/v2\/types\/page"}],"author":[{"embeddable":true,"href":"https:\/\/remanproyectos.com\/solar\/wp-json\/wp\/v2\/users\/1"}],"replies":[{"embeddable":true,"href":"https:\/\/remanproyectos.com\/solar\/wp-json\/wp\/v2\/comments?post=7"}],"version-history":[{"count":23,"href":"https:\/\/remanproyectos.com\/solar\/wp-json\/wp\/v2\/pages\/7\/revisions"}],"predecessor-version":[{"id":264,"href":"https:\/\/remanproyectos.com\/solar\/wp-json\/wp\/v2\/pages\/7\/revisions\/264"}],"wp:attachment":[{"href":"https:\/\/remanproyectos.com\/solar\/wp-json\/wp\/v2\/media?parent=7"}],"curies":[{"name":"wp","href":"https:\/\/api.w.org\/{rel}","templated":true}]}}